{"id":865,"date":"2019-06-19T13:38:49","date_gmt":"2019-06-19T13:38:49","guid":{"rendered":"https:\/\/libralogmenn.is\/en\/?page_id=865"},"modified":"2025-11-09T18:15:46","modified_gmt":"2025-11-09T18:15:46","slug":"arnith","status":"publish","type":"page","link":"https:\/\/libralogmenn.is\/en\/arnith\/","title":{"rendered":"\u00c1rni \u00de\u00f3r\u00f3lfur \u00c1rnason"},"content":{"rendered":"<h2><img loading=\"lazy\" decoding=\"async\" class=\"alignright wp-image-1187 size-full\" src=\"https:\/\/libralogmenn.is\/wp-content\/uploads\/2025\/11\/arni_t_200_25.jpg\" alt=\"\" width=\"200\" height=\"300\" \/><\/h2>\n<h2><strong>\u00c1rni \u00de\u00f3r\u00f3lfur \u00c1rnason<\/strong><\/h2>\n<p><strong>District Court Attorney<br \/>\n<\/strong>E-mail: \u00a0<a href=\"mailto:arnith@libralaw.is?subject=Fyrirspurn%20af%20vefnum\">arnith@libralaw.is<\/a><br \/>\nTel.: 551 1347<\/p>\n<p><strong>Education<\/strong><\/p>\n<ul>\n<li>Admitted to practice before the District Court in February 2019.<\/li>\n<li>Reykjavik University, ML \u2013 Master of Law 2016.<\/li>\n<li>Reykjavik University, BA in Law 2014.<\/li>\n<\/ul>\n<p><strong>Career<\/strong><\/p>\n<ul>\n<li>Libra l\u00f6gmenn since June 2019.<\/li>\n<li>Juris law firm, 2015-2019.<\/li>\n<li>Libra l\u00f6gmenn, 2012-2015<\/li>\n<\/ul>\n<p><strong>Practice areas<\/strong><\/p>\n<p>Banking and Finance, Contract Law, Insolvency Law.<\/p>\n","protected":false},"excerpt":{"rendered":"<p>\u00c1rni \u00de\u00f3r\u00f3lfur \u00c1rnason District Court Attorney E-mail: \u00a0arnith@libralaw.is Tel.: 551 1347 Education Admitted to practice before the District Court in February 2019. Reykjavik University, ML \u2013 Master of Law 2016. Reykjavik University, BA in Law 2014. Career Libra l\u00f6gmenn since June 2019. Juris law firm, 2015-2019. Libra l\u00f6gmenn, 2012-2015 Practice areas Banking and Finance, Contract [&hellip;]<\/p>\n","protected":false},"author":1,"featured_media":0,"parent":0,"menu_order":0,"comment_status":"closed","ping_status":"closed","template":"","meta":{"footnotes":""},"class_list":["post-865","page","type-page","status-publish","hentry"],"_links":{"self":[{"href":"https:\/\/libralogmenn.is\/en\/wp-json\/wp\/v2\/pages\/865","targetHints":{"allow":["GET"]}}],"collection":[{"href":"https:\/\/libralogmenn.is\/en\/wp-json\/wp\/v2\/pages"}],"about":[{"href":"https:\/\/libralogmenn.is\/en\/wp-json\/wp\/v2\/types\/page"}],"author":[{"embeddable":true,"href":"https:\/\/libralogmenn.is\/en\/wp-json\/wp\/v2\/users\/1"}],"replies":[{"embeddable":true,"href":"https:\/\/libralogmenn.is\/en\/wp-json\/wp\/v2\/comments?post=865"}],"version-history":[{"count":3,"href":"https:\/\/libralogmenn.is\/en\/wp-json\/wp\/v2\/pages\/865\/revisions"}],"predecessor-version":[{"id":1211,"href":"https:\/\/libralogmenn.is\/en\/wp-json\/wp\/v2\/pages\/865\/revisions\/1211"}],"wp:attachment":[{"href":"https:\/\/libralogmenn.is\/en\/wp-json\/wp\/v2\/media?parent=865"}],"curies":[{"name":"wp","href":"https:\/\/api.w.org\/{rel}","templated":true}]}}