{"id":854,"date":"2016-10-14T09:13:26","date_gmt":"2016-10-14T09:13:26","guid":{"rendered":"https:\/\/libralogmenn.is\/en\/?page_id=854"},"modified":"2025-11-09T18:16:10","modified_gmt":"2025-11-09T18:16:10","slug":"daniel-njardarson","status":"publish","type":"page","link":"https:\/\/libralogmenn.is\/en\/daniel-njardarson\/","title":{"rendered":"Dan\u00edel Njar\u00f0arson"},"content":{"rendered":"<h2><img loading=\"lazy\" decoding=\"async\" class=\"alignright wp-image-1191 size-full\" src=\"https:\/\/libralogmenn.is\/wp-content\/uploads\/2025\/11\/daniel_200_25.jpg\" alt=\"\" width=\"200\" height=\"300\" \/>Dan\u00edel Njar\u00f0arson<\/h2>\n<p><strong>Lawyer<br \/>\n<\/strong>E-mail: <a href=\"mailto:daniel@libralaw.is\">daniel@libralaw.is<\/a><br \/>\nTel: +354 551 1352<\/p>\n<p><strong>Education<\/strong><\/p>\n<ul>\n<li>University of Iceland, mag. jur., 2025.<\/li>\n<li>University of Iceland, BA in Law, 2023.<\/li>\n<\/ul>\n<p><strong>Career<\/strong><\/p>\n<ul>\n<li>Libra L\u00f6gmenn ehf. since 2022.<\/li>\n<\/ul>\n<p><strong>Other activities<\/strong><\/p>\n<ul>\n<li>Editorial board of \u00dalflj\u00f3tur Law Review, 2021 &#8211; 2022.<\/li>\n<li>Editor of \u00dalflj\u00f3tur Law Review, 2022 \u2013 2023.<\/li>\n<li>Board of Orator, law students\u2019 association at University of Iceland, 2022 \u2013 2023.<\/li>\n<\/ul>\n","protected":false},"excerpt":{"rendered":"<p>Dan\u00edel Njar\u00f0arson Lawyer E-mail: daniel@libralaw.is Tel: +354 551 1352 Education University of Iceland, mag. jur., 2025. University of Iceland, BA in Law, 2023. Career Libra L\u00f6gmenn ehf. since 2022. Other activities Editorial board of \u00dalflj\u00f3tur Law Review, 2021 &#8211; 2022. Editor of \u00dalflj\u00f3tur Law Review, 2022 \u2013 2023. Board of Orator, law students\u2019 association at [&hellip;]<\/p>\n","protected":false},"author":1,"featured_media":0,"parent":0,"menu_order":0,"comment_status":"closed","ping_status":"closed","template":"","meta":{"footnotes":""},"class_list":["post-854","page","type-page","status-publish","hentry"],"_links":{"self":[{"href":"https:\/\/libralogmenn.is\/en\/wp-json\/wp\/v2\/pages\/854","targetHints":{"allow":["GET"]}}],"collection":[{"href":"https:\/\/libralogmenn.is\/en\/wp-json\/wp\/v2\/pages"}],"about":[{"href":"https:\/\/libralogmenn.is\/en\/wp-json\/wp\/v2\/types\/page"}],"author":[{"embeddable":true,"href":"https:\/\/libralogmenn.is\/en\/wp-json\/wp\/v2\/users\/1"}],"replies":[{"embeddable":true,"href":"https:\/\/libralogmenn.is\/en\/wp-json\/wp\/v2\/comments?post=854"}],"version-history":[{"count":4,"href":"https:\/\/libralogmenn.is\/en\/wp-json\/wp\/v2\/pages\/854\/revisions"}],"predecessor-version":[{"id":1212,"href":"https:\/\/libralogmenn.is\/en\/wp-json\/wp\/v2\/pages\/854\/revisions\/1212"}],"wp:attachment":[{"href":"https:\/\/libralogmenn.is\/en\/wp-json\/wp\/v2\/media?parent=854"}],"curies":[{"name":"wp","href":"https:\/\/api.w.org\/{rel}","templated":true}]}}