{"id":849,"date":"2016-10-17T14:31:28","date_gmt":"2016-10-17T14:31:28","guid":{"rendered":"https:\/\/libralogmenn.is\/en\/?page_id=849"},"modified":"2025-11-09T18:15:21","modified_gmt":"2025-11-09T18:15:21","slug":"arni-armann-arnason","status":"publish","type":"page","link":"https:\/\/libralogmenn.is\/en\/arni-armann-arnason\/","title":{"rendered":"\u00c1rni \u00c1rmann \u00c1rnason"},"content":{"rendered":"<p><img loading=\"lazy\" decoding=\"async\" class=\"alignright wp-image-1185 size-full\" src=\"https:\/\/libralogmenn.is\/wp-content\/uploads\/2025\/11\/arni_a_200_25.jpg\" alt=\"\" width=\"200\" height=\"300\" \/><\/p>\n<h2><strong>\u00c1rni \u00c1rmann \u00c1rnason<\/strong><\/h2>\n<p><strong>Supreme Court Attorney \/ Partner<\/strong><strong><br \/>\n<\/strong>E-mail: \u00a0<a href=\"mailto:arni@libralaw.is?subject=Fyrirspurn%20af%20vefnum\">arni@libralaw.is<\/a><br \/>\nTel.: 551 1348<\/p>\n<p><strong>Education<\/strong><\/p>\n<ul>\n<li>Admitted to practice before the Supreme Court in 2009.<\/li>\n<li>University of Iceland, Business and Commercial Studies 2000-2002.<\/li>\n<li>Admitted to practice before the District Court in 1990.<\/li>\n<li>University of Iceland, mag. jur. 1988.<\/li>\n<\/ul>\n<p><strong>Career<\/strong><\/p>\n<p>Mr. \u00c1rni \u00c1rmann \u00c1rnason has a broad range of work experience. Before he established his own law firm in 2005 he practiced as an in-house lawyer for financial corporations and large enterprises for many years. \u00a0Mr. \u00c1rnason is a highly regarded supreme court attorney and his clients vary from large institutions such as financial corporations, public institutions and local governments to smaller companies and individuals. Mr. \u00c1rnason is an experienced litigator, both before the district courts of Iceland as well as the Supreme Court of Iceland. \u00a0He has also extensive experience in winding-up and bankruptcy procedures, including having been a member of the winding-up board of Byr Savings Bank from 2010 until 2016 when the winding-up proceedings ended with a composition agreement.<\/p>\n<ul>\n<li>Libra l\u00f6gmenn since 2005.<\/li>\n<li>Attorney and Chief Financial Officer at Skeljungur hf. from 1995 &#8211; 2005.<\/li>\n<li>Lawyer at Landsbanki \u00cdslands hf. from 1988 &#8211; 1995.<\/li>\n<li>Board member of numerous companies.<\/li>\n<li>Lecturer\u00a0in the Law\u00a0faculty\u00a0at the University of Iceland.<\/li>\n<\/ul>\n<p><strong>Practice areas<\/strong><\/p>\n<p>Banking and Finance Law, Financial Leasing, Property Law, Company Law, Bankruptcy Law, Estate administration, Marital Law, sales and purchases of companies, real-estates and ships, Tenancy rights, Organizational and Construction Law, Competition Law, Contract Law, Local Government Law, Collateral Law, Contractors rights and litigation.<\/p>\n","protected":false},"excerpt":{"rendered":"<p>\u00c1rni \u00c1rmann \u00c1rnason Supreme Court Attorney \/ Partner E-mail: \u00a0arni@libralaw.is Tel.: 551 1348 Education Admitted to practice before the Supreme Court in 2009. University of Iceland, Business and Commercial Studies 2000-2002. Admitted to practice before the District Court in 1990. University of Iceland, mag. jur. 1988. Career Mr. \u00c1rni \u00c1rmann \u00c1rnason has a broad range [&hellip;]<\/p>\n","protected":false},"author":1,"featured_media":0,"parent":0,"menu_order":0,"comment_status":"closed","ping_status":"closed","template":"","meta":{"footnotes":""},"class_list":["post-849","page","type-page","status-publish","hentry"],"_links":{"self":[{"href":"https:\/\/libralogmenn.is\/en\/wp-json\/wp\/v2\/pages\/849","targetHints":{"allow":["GET"]}}],"collection":[{"href":"https:\/\/libralogmenn.is\/en\/wp-json\/wp\/v2\/pages"}],"about":[{"href":"https:\/\/libralogmenn.is\/en\/wp-json\/wp\/v2\/types\/page"}],"author":[{"embeddable":true,"href":"https:\/\/libralogmenn.is\/en\/wp-json\/wp\/v2\/users\/1"}],"replies":[{"embeddable":true,"href":"https:\/\/libralogmenn.is\/en\/wp-json\/wp\/v2\/comments?post=849"}],"version-history":[{"count":3,"href":"https:\/\/libralogmenn.is\/en\/wp-json\/wp\/v2\/pages\/849\/revisions"}],"predecessor-version":[{"id":1210,"href":"https:\/\/libralogmenn.is\/en\/wp-json\/wp\/v2\/pages\/849\/revisions\/1210"}],"wp:attachment":[{"href":"https:\/\/libralogmenn.is\/en\/wp-json\/wp\/v2\/media?parent=849"}],"curies":[{"name":"wp","href":"https:\/\/api.w.org\/{rel}","templated":true}]}}