{"id":816,"date":"2016-10-17T12:33:14","date_gmt":"2016-10-17T12:33:14","guid":{"rendered":"https:\/\/libralogmenn.is\/en\/?page_id=816"},"modified":"2025-11-09T18:14:54","modified_gmt":"2025-11-09T18:14:54","slug":"employees","status":"publish","type":"page","link":"https:\/\/libralogmenn.is\/en\/employees\/","title":{"rendered":"Employees"},"content":{"rendered":"<section class=\"fw-main-row \"  >\n\t<div class=\"fw-container\">\n\t\t<div class=\"fw-row\">\n\t<div class=\"fw-col-xs-12\">\n\t<div class=\"fw-heading fw-heading-h2 \">\n\t\t<h2 class='fw-special-title'>Employees<\/h2>\t<\/div><\/div>\n<\/div>\n\n<div class=\"fw-row\">\n\t<div class=\"fw-col-xs-12 fw-col-sm-6\">\n\t<p><img loading=\"lazy\" decoding=\"async\" class=\"wp-image-1185 size-full alignnone\" src=\"https:\/\/libralogmenn.is\/wp-content\/uploads\/2025\/11\/arni_a_200_25.jpg\" alt=\"\" width=\"200\" height=\"300\" \/><\/p><h3>\u00c1rni \u00c1rmann \u00c1rnason<\/h3><p><strong>Supreme Court Attorney \/ Partner<\/strong><br \/>E-mail: \u00a0<a href=\"mailto:arni@libralaw.is?subject=Fyrirspurn%20af%20vefnum\">arni@libralaw.is<\/a><br \/>Tel.: 551 1348<\/p><p><span style=\"text-decoration: underline;\"><a href=\"\/en\/arni-armann-arnason\/\">More<\/a><\/span><\/p>\n\t<div class=\"fw-divider-space\" style=\"padding-top: 10px;\"><\/div>\n<\/div>\n<div class=\"fw-col-xs-12 fw-col-sm-6\">\n\t<p><img loading=\"lazy\" decoding=\"async\" class=\"wp-image-1187 size-full alignnone\" src=\"https:\/\/libralogmenn.is\/wp-content\/uploads\/2025\/11\/arni_t_200_25.jpg\" alt=\"\" width=\"200\" height=\"300\" \/><\/p><h3><strong>\u00c1rni \u00de\u00f3r\u00f3lfur \u00c1rnason<\/strong><\/h3><p><strong>District Court Attorney \/ Partner<br \/><\/strong>E-mail: \u00a0<a href=\"mailto:arnith@libralaw.is?subject=Fyrirspurn%20af%20vefnum\">arnith@libralaw.is<\/a><br \/>Tel.: 551 1347<\/p><p><span style=\"text-decoration: underline;\"><a href=\"\/en\/arnith\">More<\/a><\/span><\/p>\n\t<div class=\"fw-divider-space\" style=\"padding-top: 10px;\"><\/div>\n<\/div>\n<\/div>\n\n<div class=\"fw-row\">\n\t<div class=\"fw-col-xs-12 fw-col-sm-6\">\n\t<p><img loading=\"lazy\" decoding=\"async\" class=\"wp-image-1191 size-full alignnone\" style=\"font-size: 16px; font-weight: 400;\" src=\"https:\/\/libralogmenn.is\/wp-content\/uploads\/2025\/11\/daniel_200_25.jpg\" alt=\"\" width=\"200\" height=\"300\" \/><\/p><h3>Dan\u00edel Njardarson<\/h3><p><strong>Lawyer<br \/><\/strong>E-mail: \u00a0<a href=\"mailto:daniel@libralaw.is?subject=Fyrirspurn%20af%20vefnum\">daniel@libralaw.is<\/a><br \/>Tel.: 551 1352<\/p><p><span style=\"text-decoration: underline;\"><a href=\"\/en\/daniel-njardarson\/\">More<\/a><\/span><\/p>\n\t<div class=\"fw-divider-space\" style=\"padding-top: 10px;\"><\/div>\n<\/div>\n<div class=\"fw-col-xs-12 fw-col-sm-6\">\n\t<p><img loading=\"lazy\" decoding=\"async\" class=\"wp-image-1195 size-full alignnone\" src=\"https:\/\/libralogmenn.is\/wp-content\/uploads\/2025\/11\/olafur_200_25.jpg\" alt=\"\" width=\"200\" height=\"300\" \/><\/p><h3>\u00d3lafur Hvanndal \u00d3lafsson<\/h3><p><strong>Attorney at Law \/ Partner<\/strong><br \/>E-mail: \u00a0<a href=\"mailto:olafur@libralaw.is?subject=Fyrirspurn%20af%20vefnum\">olafur@libralaw.is<\/a><br \/>Tel.: 551 1349<\/p><p><span style=\"text-decoration: underline;\"><a href=\"\/en\/olafur-hvanndal-olafsson\/\">More<\/a><\/span><\/p>\n\t<div class=\"fw-divider-space\" style=\"padding-top: 10px;\"><\/div>\n<\/div>\n<\/div>\n\n<div class=\"fw-row\">\n\t<div class=\"fw-col-xs-12 fw-col-sm-6\">\n\t<h3><img loading=\"lazy\" decoding=\"async\" class=\"size-full wp-image-1202 alignnone\" src=\"https:\/\/libralogmenn.is\/wp-content\/uploads\/2025\/11\/ylfa_200_25.jpg\" alt=\"\" width=\"200\" height=\"300\" \/><\/h3><h3>Ylfa Helgad\u00f3ttir<\/h3><p><strong>Lawyer<\/strong><br \/>E-mail: <a href=\"mailto:ylfa@libralaw.is\">ylfa@libralaw.is<\/a><br \/>Tel.: 551 1345<\/p><p><a href=\"https:\/\/libralogmenn.is\/en\/ylfa-helgadottir\/\"><span style=\"text-decoration: underline;\">More<\/span><\/a><\/p>\n\t<div class=\"fw-divider-space\" style=\"padding-top: 10px;\"><\/div>\n<\/div>\n<\/div>\n\n\t<\/div>\n<\/section>\n\n","protected":false},"excerpt":{"rendered":"<p>Employees \u00c1rni \u00c1rmann \u00c1rnasonSupreme Court Attorney \/ PartnerE-mail: \u00a0arni@libralaw.isTel.: 551 1348More \u00c1rni \u00de\u00f3r\u00f3lfur \u00c1rnasonDistrict Court Attorney \/ PartnerE-mail: \u00a0arnith@libralaw.isTel.: 551 1347More Dan\u00edel NjardarsonLawyerE-mail: \u00a0daniel@libralaw.isTel.: 551 1352More \u00d3lafur Hvanndal \u00d3lafssonAttorney at Law \/ PartnerE-mail: \u00a0olafur@libralaw.isTel.: 551 1349More Ylfa Helgad\u00f3ttirLawyerE-mail: ylfa@libralaw.isTel.: 551 1345More<\/p>\n","protected":false},"author":1,"featured_media":0,"parent":0,"menu_order":0,"comment_status":"closed","ping_status":"closed","template":"","meta":{"footnotes":""},"class_list":["post-816","page","type-page","status-publish","hentry"],"_links":{"self":[{"href":"https:\/\/libralogmenn.is\/en\/wp-json\/wp\/v2\/pages\/816","targetHints":{"allow":["GET"]}}],"collection":[{"href":"https:\/\/libralogmenn.is\/en\/wp-json\/wp\/v2\/pages"}],"about":[{"href":"https:\/\/libralogmenn.is\/en\/wp-json\/wp\/v2\/types\/page"}],"author":[{"embeddable":true,"href":"https:\/\/libralogmenn.is\/en\/wp-json\/wp\/v2\/users\/1"}],"replies":[{"embeddable":true,"href":"https:\/\/libralogmenn.is\/en\/wp-json\/wp\/v2\/comments?post=816"}],"version-history":[{"count":4,"href":"https:\/\/libralogmenn.is\/en\/wp-json\/wp\/v2\/pages\/816\/revisions"}],"predecessor-version":[{"id":1209,"href":"https:\/\/libralogmenn.is\/en\/wp-json\/wp\/v2\/pages\/816\/revisions\/1209"}],"wp:attachment":[{"href":"https:\/\/libralogmenn.is\/en\/wp-json\/wp\/v2\/media?parent=816"}],"curies":[{"name":"wp","href":"https:\/\/api.w.org\/{rel}","templated":true}]}}