{"id":1173,"date":"2025-09-29T16:38:18","date_gmt":"2025-09-29T16:38:18","guid":{"rendered":"https:\/\/libralogmenn.is\/?page_id=1173"},"modified":"2025-11-09T18:16:58","modified_gmt":"2025-11-09T18:16:58","slug":"ylfa-helgadottir","status":"publish","type":"page","link":"https:\/\/libralogmenn.is\/en\/ylfa-helgadottir\/","title":{"rendered":"Ylfa Helgad\u00f3ttir"},"content":{"rendered":"<h2>Ylfa Helgad\u00f3ttir<img loading=\"lazy\" decoding=\"async\" class=\"alignright size-full wp-image-1202\" src=\"https:\/\/libralogmenn.is\/wp-content\/uploads\/2025\/11\/ylfa_200_25.jpg\" alt=\"\" width=\"200\" height=\"300\" \/><\/h2>\n<p><strong>Lawyer<br \/>\n<\/strong>E-mail: ylfa@libralaw.is<br \/>\nTel: +354 551 1345<\/p>\n<p><strong>Education<\/strong><\/p>\n<ul>\n<li>University of Iceland, mag. jur, 2025.<\/li>\n<li>University of Iceland, BA in Law, 2023.<\/li>\n<li>Menntask\u00f3linn \u00ed K\u00f3pavogi, Master of culinary arts, 2014.<\/li>\n<li>Menntask\u00f3linn \u00ed K\u00f3pavogi, certified chef degree, 2010.<\/li>\n<\/ul>\n<p><strong>Career<\/strong><\/p>\n<ul>\n<li>Libra L\u00f6gmenn ehf. since 2025.<\/li>\n<li>District court of Reykjav\u00edk, 2023-2025.<\/li>\n<li>Kopar restaurant, owner and head chef, 2013-2020.<\/li>\n<\/ul>\n<p><strong>Other activities<\/strong><\/p>\n<ul>\n<li>Editorial board of \u00dalflj\u00f3tur Law Review, 2022 \u2013 2023.<\/li>\n<\/ul>\n<p><strong>Areas of interest<\/strong><\/p>\n<ul>\n<li>Contracts and Law of Obligations, Public and Administrative Law, Property law and Tax law.<\/li>\n<\/ul>\n","protected":false},"excerpt":{"rendered":"<p>Ylfa Helgad\u00f3ttir Lawyer E-mail: ylfa@libralaw.is Tel: +354 551 1345 Education University of Iceland, mag. jur, 2025. University of Iceland, BA in Law, 2023. Menntask\u00f3linn \u00ed K\u00f3pavogi, Master of culinary arts, 2014. Menntask\u00f3linn \u00ed K\u00f3pavogi, certified chef degree, 2010. Career Libra L\u00f6gmenn ehf. since 2025. District court of Reykjav\u00edk, 2023-2025. Kopar restaurant, owner and head chef, [&hellip;]<\/p>\n","protected":false},"author":1,"featured_media":0,"parent":0,"menu_order":0,"comment_status":"closed","ping_status":"closed","template":"","meta":{"footnotes":""},"class_list":["post-1173","page","type-page","status-publish","hentry"],"_links":{"self":[{"href":"https:\/\/libralogmenn.is\/en\/wp-json\/wp\/v2\/pages\/1173","targetHints":{"allow":["GET"]}}],"collection":[{"href":"https:\/\/libralogmenn.is\/en\/wp-json\/wp\/v2\/pages"}],"about":[{"href":"https:\/\/libralogmenn.is\/en\/wp-json\/wp\/v2\/types\/page"}],"author":[{"embeddable":true,"href":"https:\/\/libralogmenn.is\/en\/wp-json\/wp\/v2\/users\/1"}],"replies":[{"embeddable":true,"href":"https:\/\/libralogmenn.is\/en\/wp-json\/wp\/v2\/comments?post=1173"}],"version-history":[{"count":2,"href":"https:\/\/libralogmenn.is\/en\/wp-json\/wp\/v2\/pages\/1173\/revisions"}],"predecessor-version":[{"id":1214,"href":"https:\/\/libralogmenn.is\/en\/wp-json\/wp\/v2\/pages\/1173\/revisions\/1214"}],"wp:attachment":[{"href":"https:\/\/libralogmenn.is\/en\/wp-json\/wp\/v2\/media?parent=1173"}],"curies":[{"name":"wp","href":"https:\/\/api.w.org\/{rel}","templated":true}]}}